{"id":4904,"date":"2022-01-17T14:18:54","date_gmt":"2022-01-17T13:18:54","guid":{"rendered":"http:\/\/carado-polska.pl\/produkt\/led-umrissleuchte-led-begrenzungsleuchte\/"},"modified":"2024-10-23T21:46:53","modified_gmt":"2024-10-23T19:46:53","slug":"led-umrissleuchte-led-begrenzungsleuchte","status":"publish","type":"product","link":"https:\/\/carado-polska.pl\/de\/produkt\/led-umrissleuchte-led-begrenzungsleuchte\/","title":{"rendered":"LED Umrissleuchte LED Begrenzungsleuchte"},"content":{"rendered":"<p class=\"p1\"><b>2 x LED Umrissleuchte LED Begrenzungsleuchte WEISS Anh\u00e4nger LKW PKW 12V \/ 24V 85x27mm<\/b><\/p>\n<p class=\"p3\">Markierungsleuchten Sie sind einer der Schl\u00fcsselfaktoren im Transportwesen. Denn sie sorgen f\u00fcr gute Sicht und damit f\u00fcr die Sicherheit aller Verkehrsteilnehmer.<\/p>\n<p class=\"p3\">LED-Umrissleuchte 12-36V, weiss mit einem 0,5 m langen elektrischen Kabelbaum. mit flacher schwarzer Gummiauflage und runder Gummiauflage f\u00fcr die Fahrzeugverrohrung.<\/p>\n<ul class=\"ul1\">\n<li class=\"li3\">1-fach-Funktions-LED-Lampe \u2013 geringer Stromverbrauch<\/li>\n<li class=\"li3\">Europ\u00e4ische Zulassung E9<\/li>\n<li class=\"li3\">Zulassung f\u00fcr elektromagnetische Vertr\u00e4glichkeit EMC<\/li>\n<li class=\"li3\">kompakte, sto\u00dffeste Ausf\u00fchrung<\/li>\n<li class=\"li4\">beliebige Lampenanschlusspolarit\u00e4t<\/li>\n<\/ul>\n<p class=\"p6\"><span class=\"s1\"><b>\u2022<\/b> <\/span><i>Es wird ein revolution\u00e4res System zur Befestigung der Leuchte an der Karosserie oder an den Rohrleitungen des Fahrzeugs mit Hilfe eines profilierten Gummi-Abstandhalters verwendet<br \/>\n\u2022 Das Produkt ist mit Montageschraubverschl\u00fcssen ausgestattet, die ihm ein professionelles Image verleihen<br \/>\n\u2022 Unerwartet interessante und einzigartige Lichtemission.<\/i><\/p>\n<p class=\"p1\"><span class=\"s2\"><i>LAMPENPARAMETER:<\/i><\/span><\/p>\n<ul class=\"ul1\">\n<li class=\"li8\">Versorgungsspannungen: 12-36V DC<\/li>\n<li class=\"li8\">Betriebstemperatur: -40\u00b0C bis +55\u00b0C<\/li>\n<li class=\"li8\">Lampe ist wetterfest<\/li>\n<li class=\"li8\">Lampe ist hermetisch dicht<\/li>\n<li class=\"li8\">Stromaufnahme: 12V\/24V = 0,05A\/0,05A<\/li>\n<li class=\"li8\">Leistungsaufnahme (Nennleistung): 12V\/24V = 0,6W\/1,2W<\/li>\n<li class=\"li9\"><\/li>\n<\/ul>\n<p class=\"p9\"><b>Ma\u00dfe LED Leuchte:<\/b><\/p>\n<p class=\"p9\">L\u00e4nge : 84,2 mm<\/p>\n<p class=\"p9\">H\u00f6he : 27,7 mm<\/p>\n<p class=\"p9\">Tiefe : 12,8 mm<\/p>\n","protected":false},"excerpt":{"rendered":"<p>Markierungsleuchten Sie sind einer der Schl\u00fcsselfaktoren im Transportwesen. Denn sie sorgen f\u00fcr gute Sicht und damit f\u00fcr die Sicherheit aller Verkehrsteilnehmer.<\/p>\n","protected":false},"featured_media":4990,"comment_status":"open","ping_status":"closed","template":"","meta":[],"product_brand":[],"product_cat":[15],"product_tag":[],"class_list":{"0":"post-4904","1":"product","2":"type-product","3":"status-publish","4":"has-post-thumbnail","6":"product_cat-bez-kategorii","8":"first","9":"instock","10":"taxable","11":"shipping-taxable","12":"purchasable","13":"product-type-simple"},"yoast_head":"<!-- This site is optimized with the Yoast SEO plugin v27.6 - https:\/\/yoast.com\/product\/yoast-seo-wordpress\/ -->\n<title>LED Umrissleuchte LED Begrenzungsleuchte - Carado Polska<\/title>\n<meta name=\"robots\" content=\"index, follow, max-snippet:-1, max-image-preview:large, max-video-preview:-1\" \/>\n<link rel=\"canonical\" href=\"https:\/\/carado-polska.pl\/de\/produkt\/led-umrissleuchte-led-begrenzungsleuchte\/\" \/>\n<meta property=\"og:locale\" content=\"de_DE\" \/>\n<meta property=\"og:type\" content=\"article\" \/>\n<meta property=\"og:title\" content=\"LED Umrissleuchte LED Begrenzungsleuchte - Carado Polska\" \/>\n<meta property=\"og:description\" content=\"Markierungsleuchten Sie sind einer der Schl\u00fcsselfaktoren im Transportwesen. Denn sie sorgen f\u00fcr gute Sicht und damit f\u00fcr die Sicherheit aller Verkehrsteilnehmer.\" \/>\n<meta property=\"og:url\" content=\"https:\/\/carado-polska.pl\/de\/produkt\/led-umrissleuchte-led-begrenzungsleuchte\/\" \/>\n<meta property=\"og:site_name\" content=\"Carado Polska\" \/>\n<meta property=\"article:modified_time\" content=\"2024-10-23T19:46:53+00:00\" \/>\n<meta property=\"og:image\" content=\"https:\/\/carado-polska.pl\/wp-content\/uploads\/2022\/01\/FT-073B-1.png\" \/>\n\t<meta property=\"og:image:width\" content=\"642\" \/>\n\t<meta property=\"og:image:height\" content=\"389\" \/>\n\t<meta property=\"og:image:type\" content=\"image\/png\" \/>\n<meta name=\"twitter:card\" content=\"summary_large_image\" \/>\n<meta name=\"twitter:label1\" content=\"Gesch\u00e4tzte Lesezeit\" \/>\n\t<meta name=\"twitter:data1\" content=\"1\u00a0Minute\" \/>\n<!-- \/ Yoast SEO plugin. -->","yoast_head_json":{"title":"LED Umrissleuchte LED Begrenzungsleuchte - Carado Polska","robots":{"index":"index","follow":"follow","max-snippet":"max-snippet:-1","max-image-preview":"max-image-preview:large","max-video-preview":"max-video-preview:-1"},"canonical":"https:\/\/carado-polska.pl\/de\/produkt\/led-umrissleuchte-led-begrenzungsleuchte\/","og_locale":"de_DE","og_type":"article","og_title":"LED Umrissleuchte LED Begrenzungsleuchte - Carado Polska","og_description":"Markierungsleuchten Sie sind einer der Schl\u00fcsselfaktoren im Transportwesen. Denn sie sorgen f\u00fcr gute Sicht und damit f\u00fcr die Sicherheit aller Verkehrsteilnehmer.","og_url":"https:\/\/carado-polska.pl\/de\/produkt\/led-umrissleuchte-led-begrenzungsleuchte\/","og_site_name":"Carado Polska","article_modified_time":"2024-10-23T19:46:53+00:00","og_image":[{"width":642,"height":389,"url":"https:\/\/carado-polska.pl\/wp-content\/uploads\/2022\/01\/FT-073B-1.png","type":"image\/png"}],"twitter_card":"summary_large_image","twitter_misc":{"Gesch\u00e4tzte Lesezeit":"1\u00a0Minute"},"schema":{"@context":"https:\/\/schema.org","@graph":[{"@type":"WebPage","@id":"https:\/\/carado-polska.pl\/de\/produkt\/led-umrissleuchte-led-begrenzungsleuchte\/","url":"https:\/\/carado-polska.pl\/de\/produkt\/led-umrissleuchte-led-begrenzungsleuchte\/","name":"LED Umrissleuchte LED Begrenzungsleuchte - Carado Polska","isPartOf":{"@id":"https:\/\/carado-polska.pl\/de\/#website"},"primaryImageOfPage":{"@id":"https:\/\/carado-polska.pl\/de\/produkt\/led-umrissleuchte-led-begrenzungsleuchte\/#primaryimage"},"image":{"@id":"https:\/\/carado-polska.pl\/de\/produkt\/led-umrissleuchte-led-begrenzungsleuchte\/#primaryimage"},"thumbnailUrl":"https:\/\/carado-polska.pl\/wp-content\/uploads\/2022\/01\/FT-073B-1.png","datePublished":"2022-01-17T13:18:54+00:00","dateModified":"2024-10-23T19:46:53+00:00","breadcrumb":{"@id":"https:\/\/carado-polska.pl\/de\/produkt\/led-umrissleuchte-led-begrenzungsleuchte\/#breadcrumb"},"inLanguage":"de","potentialAction":[{"@type":"ReadAction","target":["https:\/\/carado-polska.pl\/de\/produkt\/led-umrissleuchte-led-begrenzungsleuchte\/"]}]},{"@type":"ImageObject","inLanguage":"de","@id":"https:\/\/carado-polska.pl\/de\/produkt\/led-umrissleuchte-led-begrenzungsleuchte\/#primaryimage","url":"https:\/\/carado-polska.pl\/wp-content\/uploads\/2022\/01\/FT-073B-1.png","contentUrl":"https:\/\/carado-polska.pl\/wp-content\/uploads\/2022\/01\/FT-073B-1.png","width":642,"height":389},{"@type":"BreadcrumbList","@id":"https:\/\/carado-polska.pl\/de\/produkt\/led-umrissleuchte-led-begrenzungsleuchte\/#breadcrumb","itemListElement":[{"@type":"ListItem","position":1,"name":"Strona g\u0142\u00f3wna","item":"https:\/\/carado-polska.pl\/de\/"},{"@type":"ListItem","position":2,"name":"Gesch\u00e4ft","item":"https:\/\/carado-polska.pl\/de\/geschaeft\/"},{"@type":"ListItem","position":3,"name":"LED Umrissleuchte LED Begrenzungsleuchte"}]},{"@type":"WebSite","@id":"https:\/\/carado-polska.pl\/de\/#website","url":"https:\/\/carado-polska.pl\/de\/","name":"Carado Polska","description":"Cz\u0119\u015bci zamienne i akcesoria TIR","publisher":{"@id":"https:\/\/carado-polska.pl\/de\/#organization"},"potentialAction":[{"@type":"SearchAction","target":{"@type":"EntryPoint","urlTemplate":"https:\/\/carado-polska.pl\/de\/?s={search_term_string}"},"query-input":{"@type":"PropertyValueSpecification","valueRequired":true,"valueName":"search_term_string"}}],"inLanguage":"de"},{"@type":"Organization","@id":"https:\/\/carado-polska.pl\/de\/#organization","name":"Carado Polska","url":"https:\/\/carado-polska.pl\/de\/","logo":{"@type":"ImageObject","inLanguage":"de","@id":"https:\/\/carado-polska.pl\/de\/#\/schema\/logo\/image\/","url":"https:\/\/carado-polska.pl\/wp-content\/uploads\/2022\/01\/cropped-carado_logo_white.png","contentUrl":"https:\/\/carado-polska.pl\/wp-content\/uploads\/2022\/01\/cropped-carado_logo_white.png","width":300,"height":150,"caption":"Carado Polska"},"image":{"@id":"https:\/\/carado-polska.pl\/de\/#\/schema\/logo\/image\/"}}]}},"_links":{"self":[{"href":"https:\/\/carado-polska.pl\/de\/wp-json\/wp\/v2\/product\/4904","targetHints":{"allow":["GET"]}}],"collection":[{"href":"https:\/\/carado-polska.pl\/de\/wp-json\/wp\/v2\/product"}],"about":[{"href":"https:\/\/carado-polska.pl\/de\/wp-json\/wp\/v2\/types\/product"}],"replies":[{"embeddable":true,"href":"https:\/\/carado-polska.pl\/de\/wp-json\/wp\/v2\/comments?post=4904"}],"wp:featuredmedia":[{"embeddable":true,"href":"https:\/\/carado-polska.pl\/de\/wp-json\/wp\/v2\/media\/4990"}],"wp:attachment":[{"href":"https:\/\/carado-polska.pl\/de\/wp-json\/wp\/v2\/media?parent=4904"}],"wp:term":[{"taxonomy":"product_brand","embeddable":true,"href":"https:\/\/carado-polska.pl\/de\/wp-json\/wp\/v2\/product_brand?post=4904"},{"taxonomy":"product_cat","embeddable":true,"href":"https:\/\/carado-polska.pl\/de\/wp-json\/wp\/v2\/product_cat?post=4904"},{"taxonomy":"product_tag","embeddable":true,"href":"https:\/\/carado-polska.pl\/de\/wp-json\/wp\/v2\/product_tag?post=4904"}],"curies":[{"name":"wp","href":"https:\/\/api.w.org\/{rel}","templated":true}]}}