{"id":4901,"date":"2022-01-17T14:05:29","date_gmt":"2022-01-17T13:05:29","guid":{"rendered":"http:\/\/carado-polska.pl\/produkt\/domar-kotflugel-410-1100mm\/"},"modified":"2022-01-17T14:05:29","modified_gmt":"2022-01-17T13:05:29","slug":"domar-kotflugel-410-1100mm","status":"publish","type":"product","link":"https:\/\/carado-polska.pl\/de\/produkt\/domar-kotflugel-410-1100mm\/","title":{"rendered":"DOMAR Kotfl\u00fcgel 410\/1100mm"},"content":{"rendered":"<p>2 x DOMAR Kotfl\u00fcgel 410\/1100mm Nutzfahrzeuge, Lader, Traktoren (T10130<\/p>\n<p>)<\/p>\n<p>Hergestellt aus hochwertigem, recycelbarem Polypropylen<\/p>\n<p>Verschlei\u00dffest<\/p>\n<p>Best\u00e4ndig gegen verschiedene Temperaturen<\/p>\n<p>Es zeichnet sich durch eine hohe Festigkeit im Verh\u00e4ltnis zu seinem Gewicht aus<\/p>\n<p>Leicht zusammenzubauen<\/p>\n<p>Au\u00dfenma\u00dfe :<br \/>\nL\u00e4nge (basis): 1100mm<br \/>\nBreite : 410mm<\/p>\n<p>Anwendung f\u00fcr Einzelreifen:<\/p>\n<p>14.9 R 28<br \/>\n380\/70 R 24<br \/>\n380\/70 R 28<br \/>\n405\/70 R 20<\/p>\n","protected":false},"excerpt":{"rendered":"<p>Verschlei\u00dffest<\/p>\n<p>Best\u00e4ndig gegen verschiedene Temperaturen<\/p>\n<p>Es zeichnet sich durch eine hohe Festigkeit im Verh\u00e4ltnis zu seinem Gewicht aus<\/p>\n<p>Leicht zusammenzubauen<\/p>\n","protected":false},"featured_media":4841,"comment_status":"open","ping_status":"closed","template":"","meta":[],"product_brand":[],"product_cat":[15],"product_tag":[],"class_list":{"0":"post-4901","1":"product","2":"type-product","3":"status-publish","4":"has-post-thumbnail","6":"product_cat-bez-kategorii","8":"first","9":"instock","10":"taxable","11":"shipping-taxable","12":"purchasable","13":"product-type-simple"},"yoast_head":"<!-- This site is optimized with the Yoast SEO plugin v27.6 - https:\/\/yoast.com\/product\/yoast-seo-wordpress\/ -->\n<title>DOMAR Kotfl\u00fcgel 410\/1100mm - Carado Polska<\/title>\n<meta name=\"robots\" content=\"index, follow, max-snippet:-1, max-image-preview:large, max-video-preview:-1\" \/>\n<link rel=\"canonical\" href=\"https:\/\/carado-polska.pl\/de\/produkt\/domar-kotflugel-410-1100mm\/\" \/>\n<meta property=\"og:locale\" content=\"de_DE\" \/>\n<meta property=\"og:type\" content=\"article\" \/>\n<meta property=\"og:title\" content=\"DOMAR Kotfl\u00fcgel 410\/1100mm - Carado Polska\" \/>\n<meta property=\"og:description\" content=\"Verschlei\u00dffest  Best\u00e4ndig gegen verschiedene Temperaturen  Es zeichnet sich durch eine hohe Festigkeit im Verh\u00e4ltnis zu seinem Gewicht aus  Leicht zusammenzubauen\" \/>\n<meta property=\"og:url\" content=\"https:\/\/carado-polska.pl\/de\/produkt\/domar-kotflugel-410-1100mm\/\" \/>\n<meta property=\"og:site_name\" content=\"Carado Polska\" \/>\n<meta property=\"og:image\" content=\"https:\/\/carado-polska.pl\/wp-content\/uploads\/2022\/01\/ba\u0328otniki-do-maszyn-rolniczych-i-budowlanych-1.jpg\" \/>\n\t<meta property=\"og:image:width\" content=\"508\" \/>\n\t<meta property=\"og:image:height\" content=\"415\" \/>\n\t<meta property=\"og:image:type\" content=\"image\/jpeg\" \/>\n<meta name=\"twitter:card\" content=\"summary_large_image\" \/>\n<!-- \/ Yoast SEO plugin. -->","yoast_head_json":{"title":"DOMAR Kotfl\u00fcgel 410\/1100mm - Carado Polska","robots":{"index":"index","follow":"follow","max-snippet":"max-snippet:-1","max-image-preview":"max-image-preview:large","max-video-preview":"max-video-preview:-1"},"canonical":"https:\/\/carado-polska.pl\/de\/produkt\/domar-kotflugel-410-1100mm\/","og_locale":"de_DE","og_type":"article","og_title":"DOMAR Kotfl\u00fcgel 410\/1100mm - Carado Polska","og_description":"Verschlei\u00dffest  Best\u00e4ndig gegen verschiedene Temperaturen  Es zeichnet sich durch eine hohe Festigkeit im Verh\u00e4ltnis zu seinem Gewicht aus  Leicht zusammenzubauen","og_url":"https:\/\/carado-polska.pl\/de\/produkt\/domar-kotflugel-410-1100mm\/","og_site_name":"Carado Polska","og_image":[{"width":508,"height":415,"url":"https:\/\/carado-polska.pl\/wp-content\/uploads\/2022\/01\/ba\u0328otniki-do-maszyn-rolniczych-i-budowlanych-1.jpg","type":"image\/jpeg"}],"twitter_card":"summary_large_image","schema":{"@context":"https:\/\/schema.org","@graph":[{"@type":"WebPage","@id":"https:\/\/carado-polska.pl\/de\/produkt\/domar-kotflugel-410-1100mm\/","url":"https:\/\/carado-polska.pl\/de\/produkt\/domar-kotflugel-410-1100mm\/","name":"DOMAR Kotfl\u00fcgel 410\/1100mm - Carado Polska","isPartOf":{"@id":"https:\/\/carado-polska.pl\/de\/#website"},"primaryImageOfPage":{"@id":"https:\/\/carado-polska.pl\/de\/produkt\/domar-kotflugel-410-1100mm\/#primaryimage"},"image":{"@id":"https:\/\/carado-polska.pl\/de\/produkt\/domar-kotflugel-410-1100mm\/#primaryimage"},"thumbnailUrl":"https:\/\/carado-polska.pl\/wp-content\/uploads\/2022\/01\/ba\u0328otniki-do-maszyn-rolniczych-i-budowlanych-1.jpg","datePublished":"2022-01-17T13:05:29+00:00","breadcrumb":{"@id":"https:\/\/carado-polska.pl\/de\/produkt\/domar-kotflugel-410-1100mm\/#breadcrumb"},"inLanguage":"de","potentialAction":[{"@type":"ReadAction","target":["https:\/\/carado-polska.pl\/de\/produkt\/domar-kotflugel-410-1100mm\/"]}]},{"@type":"ImageObject","inLanguage":"de","@id":"https:\/\/carado-polska.pl\/de\/produkt\/domar-kotflugel-410-1100mm\/#primaryimage","url":"https:\/\/carado-polska.pl\/wp-content\/uploads\/2022\/01\/ba\u0328otniki-do-maszyn-rolniczych-i-budowlanych-1.jpg","contentUrl":"https:\/\/carado-polska.pl\/wp-content\/uploads\/2022\/01\/ba\u0328otniki-do-maszyn-rolniczych-i-budowlanych-1.jpg","width":508,"height":415,"caption":"B\u0142otnik do maszyn rolniczych i budowlanych 310 x 1070"},{"@type":"BreadcrumbList","@id":"https:\/\/carado-polska.pl\/de\/produkt\/domar-kotflugel-410-1100mm\/#breadcrumb","itemListElement":[{"@type":"ListItem","position":1,"name":"Strona g\u0142\u00f3wna","item":"https:\/\/carado-polska.pl\/de\/"},{"@type":"ListItem","position":2,"name":"Gesch\u00e4ft","item":"https:\/\/carado-polska.pl\/de\/geschaeft\/"},{"@type":"ListItem","position":3,"name":"DOMAR Kotfl\u00fcgel 410\/1100mm"}]},{"@type":"WebSite","@id":"https:\/\/carado-polska.pl\/de\/#website","url":"https:\/\/carado-polska.pl\/de\/","name":"Carado Polska","description":"Cz\u0119\u015bci zamienne i akcesoria TIR","publisher":{"@id":"https:\/\/carado-polska.pl\/de\/#organization"},"potentialAction":[{"@type":"SearchAction","target":{"@type":"EntryPoint","urlTemplate":"https:\/\/carado-polska.pl\/de\/?s={search_term_string}"},"query-input":{"@type":"PropertyValueSpecification","valueRequired":true,"valueName":"search_term_string"}}],"inLanguage":"de"},{"@type":"Organization","@id":"https:\/\/carado-polska.pl\/de\/#organization","name":"Carado Polska","url":"https:\/\/carado-polska.pl\/de\/","logo":{"@type":"ImageObject","inLanguage":"de","@id":"https:\/\/carado-polska.pl\/de\/#\/schema\/logo\/image\/","url":"https:\/\/carado-polska.pl\/wp-content\/uploads\/2022\/01\/cropped-carado_logo_white.png","contentUrl":"https:\/\/carado-polska.pl\/wp-content\/uploads\/2022\/01\/cropped-carado_logo_white.png","width":300,"height":150,"caption":"Carado Polska"},"image":{"@id":"https:\/\/carado-polska.pl\/de\/#\/schema\/logo\/image\/"}}]}},"_links":{"self":[{"href":"https:\/\/carado-polska.pl\/de\/wp-json\/wp\/v2\/product\/4901","targetHints":{"allow":["GET"]}}],"collection":[{"href":"https:\/\/carado-polska.pl\/de\/wp-json\/wp\/v2\/product"}],"about":[{"href":"https:\/\/carado-polska.pl\/de\/wp-json\/wp\/v2\/types\/product"}],"replies":[{"embeddable":true,"href":"https:\/\/carado-polska.pl\/de\/wp-json\/wp\/v2\/comments?post=4901"}],"wp:featuredmedia":[{"embeddable":true,"href":"https:\/\/carado-polska.pl\/de\/wp-json\/wp\/v2\/media\/4841"}],"wp:attachment":[{"href":"https:\/\/carado-polska.pl\/de\/wp-json\/wp\/v2\/media?parent=4901"}],"wp:term":[{"taxonomy":"product_brand","embeddable":true,"href":"https:\/\/carado-polska.pl\/de\/wp-json\/wp\/v2\/product_brand?post=4901"},{"taxonomy":"product_cat","embeddable":true,"href":"https:\/\/carado-polska.pl\/de\/wp-json\/wp\/v2\/product_cat?post=4901"},{"taxonomy":"product_tag","embeddable":true,"href":"https:\/\/carado-polska.pl\/de\/wp-json\/wp\/v2\/product_tag?post=4901"}],"curies":[{"name":"wp","href":"https:\/\/api.w.org\/{rel}","templated":true}]}}