{"id":4897,"date":"2022-01-17T13:11:28","date_gmt":"2022-01-17T12:11:28","guid":{"rendered":"http:\/\/carado-polska.pl\/produkt\/deichselbox-daken-blackit-750\/"},"modified":"2022-01-19T14:35:34","modified_gmt":"2022-01-19T13:35:34","slug":"deichselbox-daken-blackit-750","status":"publish","type":"product","link":"https:\/\/carado-polska.pl\/de\/produkt\/deichselbox-daken-blackit-750\/","title":{"rendered":"Deichselbox Daken Blackit 750"},"content":{"rendered":"<p>Deichselbox Daken Blackit 750x300x355mm<br \/>\nWerkzeugkasten Anh\u00e4nger Staukiste Box 50,6L<\/p>\n<p>Die Werkzeugk\u00e4sten Blackit sind die Antwort auf die unterschiedlichen Bed\u00fcrfnisse der Nutzer von<br \/>\nleichten Anh\u00e4ngern. Der \u00fcberlappende Deckel bildet in Zusammenhang mit der Innendichtung einen<br \/>\noptimalen Staub- und Wasserschutz, sowohl bei liegender als auch stehender Montage. Der Griff mit<br \/>\nintegriertem Schloss und Schlossabdeckung erm\u00f6glicht es, den Inhalt des Werkzeugkastens in v\u00f6lliger<\/p>\n<p>Sicherheit aufzubewahren.<\/p>\n<p>\u2022 Verst\u00e4rkungsrippen f\u00fcr maximale Stabilit\u00e4t und lange Produktlebensdauer;<\/p>\n<p>\u2022 Schloss mit Zylinderschloss f\u00fcr maximale Sicherheit;<\/p>\n<p>\u2022 Innere TPE-Dichtung und \u00fcberlappende Abdeckung zum Schutz vor Eindringen von Staub und<\/p>\n<p>Wasser<\/p>\n<p>\u2022 Kunststoffe erster Wahl mit erh\u00f6hter Best\u00e4ndigkeit gegen UV-Strahlen, Feuer, Schmier\u00f6le und<\/p>\n<p>\u2022 Kohlenwasserstoffe, hohe und niedrige Temperaturen;<\/p>\n<p>\u2022 Schnelle und intuitive Montage<br \/>\n\u2022 Verpackungsgewicht: 3,5 kg<\/p>\n<p>Ma\u00dfe:<br \/>\nA (Breite): 750 mm<br \/>\nB (H\u00f6he): 300 mm<br \/>\nC (Tiefe): 355 mm<br \/>\nFassungsverm\u00f6gen: 50,6 l<\/p>\n","protected":false},"excerpt":{"rendered":"<p>Die Werkzeugk\u00e4sten Blackit sind die Antwort auf die unterschiedlichen Bed\u00fcrfnisse der Nutzer von<br \/>\nleichten Anh\u00e4ngern. Der \u00fcberlappende Deckel bildet in Zusammenhang mit der Innendichtung einen<br \/>\noptimalen Staub- und Wasserschutz, sowohl bei liegender als auch stehender Montage. Der Griff mit<br \/>\nintegriertem Schloss und Schlossabdeckung erm\u00f6glicht es, den Inhalt des Werkzeugkastens in v\u00f6lliger<\/p>\n","protected":false},"featured_media":7495,"comment_status":"open","ping_status":"closed","template":"","meta":[],"product_brand":[],"product_cat":[15],"product_tag":[],"class_list":{"0":"post-4897","1":"product","2":"type-product","3":"status-publish","4":"has-post-thumbnail","6":"product_cat-bez-kategorii","8":"first","9":"instock","10":"taxable","11":"shipping-taxable","12":"purchasable","13":"product-type-simple"},"yoast_head":"<!-- This site is optimized with the Yoast SEO plugin v27.6 - https:\/\/yoast.com\/product\/yoast-seo-wordpress\/ -->\n<title>Deichselbox Daken Blackit 750 - Carado Polska<\/title>\n<meta name=\"robots\" content=\"index, follow, max-snippet:-1, max-image-preview:large, max-video-preview:-1\" \/>\n<link rel=\"canonical\" href=\"https:\/\/carado-polska.pl\/de\/produkt\/deichselbox-daken-blackit-750\/\" \/>\n<meta property=\"og:locale\" content=\"de_DE\" \/>\n<meta property=\"og:type\" content=\"article\" \/>\n<meta property=\"og:title\" content=\"Deichselbox Daken Blackit 750 - Carado Polska\" \/>\n<meta property=\"og:description\" content=\"Die Werkzeugk\u00e4sten Blackit sind die Antwort auf die unterschiedlichen Bed\u00fcrfnisse der Nutzer von leichten Anh\u00e4ngern. Der \u00fcberlappende Deckel bildet in Zusammenhang mit der Innendichtung einen optimalen Staub- und Wasserschutz, sowohl bei liegender als auch stehender Montage. Der Griff mit integriertem Schloss und Schlossabdeckung erm\u00f6glicht es, den Inhalt des Werkzeugkastens in v\u00f6lliger\" \/>\n<meta property=\"og:url\" content=\"https:\/\/carado-polska.pl\/de\/produkt\/deichselbox-daken-blackit-750\/\" \/>\n<meta property=\"og:site_name\" content=\"Carado Polska\" \/>\n<meta property=\"article:modified_time\" content=\"2022-01-19T13:35:34+00:00\" \/>\n<meta property=\"og:image\" content=\"https:\/\/carado-polska.pl\/wp-content\/uploads\/2022\/01\/750-blackit-1.png\" \/>\n\t<meta property=\"og:image:width\" content=\"510\" \/>\n\t<meta property=\"og:image:height\" content=\"415\" \/>\n\t<meta property=\"og:image:type\" content=\"image\/png\" \/>\n<meta name=\"twitter:card\" content=\"summary_large_image\" \/>\n<meta name=\"twitter:label1\" content=\"Gesch\u00e4tzte Lesezeit\" \/>\n\t<meta name=\"twitter:data1\" content=\"1\u00a0Minute\" \/>\n<!-- \/ Yoast SEO plugin. -->","yoast_head_json":{"title":"Deichselbox Daken Blackit 750 - Carado Polska","robots":{"index":"index","follow":"follow","max-snippet":"max-snippet:-1","max-image-preview":"max-image-preview:large","max-video-preview":"max-video-preview:-1"},"canonical":"https:\/\/carado-polska.pl\/de\/produkt\/deichselbox-daken-blackit-750\/","og_locale":"de_DE","og_type":"article","og_title":"Deichselbox Daken Blackit 750 - Carado Polska","og_description":"Die Werkzeugk\u00e4sten Blackit sind die Antwort auf die unterschiedlichen Bed\u00fcrfnisse der Nutzer von leichten Anh\u00e4ngern. Der \u00fcberlappende Deckel bildet in Zusammenhang mit der Innendichtung einen optimalen Staub- und Wasserschutz, sowohl bei liegender als auch stehender Montage. Der Griff mit integriertem Schloss und Schlossabdeckung erm\u00f6glicht es, den Inhalt des Werkzeugkastens in v\u00f6lliger","og_url":"https:\/\/carado-polska.pl\/de\/produkt\/deichselbox-daken-blackit-750\/","og_site_name":"Carado Polska","article_modified_time":"2022-01-19T13:35:34+00:00","og_image":[{"width":510,"height":415,"url":"https:\/\/carado-polska.pl\/wp-content\/uploads\/2022\/01\/750-blackit-1.png","type":"image\/png"}],"twitter_card":"summary_large_image","twitter_misc":{"Gesch\u00e4tzte Lesezeit":"1\u00a0Minute"},"schema":{"@context":"https:\/\/schema.org","@graph":[{"@type":"WebPage","@id":"https:\/\/carado-polska.pl\/de\/produkt\/deichselbox-daken-blackit-750\/","url":"https:\/\/carado-polska.pl\/de\/produkt\/deichselbox-daken-blackit-750\/","name":"Deichselbox Daken Blackit 750 - Carado Polska","isPartOf":{"@id":"https:\/\/carado-polska.pl\/de\/#website"},"primaryImageOfPage":{"@id":"https:\/\/carado-polska.pl\/de\/produkt\/deichselbox-daken-blackit-750\/#primaryimage"},"image":{"@id":"https:\/\/carado-polska.pl\/de\/produkt\/deichselbox-daken-blackit-750\/#primaryimage"},"thumbnailUrl":"https:\/\/carado-polska.pl\/wp-content\/uploads\/2022\/01\/750-blackit-1-1.png","datePublished":"2022-01-17T12:11:28+00:00","dateModified":"2022-01-19T13:35:34+00:00","breadcrumb":{"@id":"https:\/\/carado-polska.pl\/de\/produkt\/deichselbox-daken-blackit-750\/#breadcrumb"},"inLanguage":"de","potentialAction":[{"@type":"ReadAction","target":["https:\/\/carado-polska.pl\/de\/produkt\/deichselbox-daken-blackit-750\/"]}]},{"@type":"ImageObject","inLanguage":"de","@id":"https:\/\/carado-polska.pl\/de\/produkt\/deichselbox-daken-blackit-750\/#primaryimage","url":"https:\/\/carado-polska.pl\/wp-content\/uploads\/2022\/01\/750-blackit-1-1.png","contentUrl":"https:\/\/carado-polska.pl\/wp-content\/uploads\/2022\/01\/750-blackit-1-1.png","width":509,"height":416},{"@type":"BreadcrumbList","@id":"https:\/\/carado-polska.pl\/de\/produkt\/deichselbox-daken-blackit-750\/#breadcrumb","itemListElement":[{"@type":"ListItem","position":1,"name":"Strona g\u0142\u00f3wna","item":"https:\/\/carado-polska.pl\/de\/"},{"@type":"ListItem","position":2,"name":"Gesch\u00e4ft","item":"https:\/\/carado-polska.pl\/de\/geschaeft\/"},{"@type":"ListItem","position":3,"name":"Deichselbox Daken Blackit 750"}]},{"@type":"WebSite","@id":"https:\/\/carado-polska.pl\/de\/#website","url":"https:\/\/carado-polska.pl\/de\/","name":"Carado Polska","description":"Cz\u0119\u015bci zamienne i akcesoria TIR","publisher":{"@id":"https:\/\/carado-polska.pl\/de\/#organization"},"potentialAction":[{"@type":"SearchAction","target":{"@type":"EntryPoint","urlTemplate":"https:\/\/carado-polska.pl\/de\/?s={search_term_string}"},"query-input":{"@type":"PropertyValueSpecification","valueRequired":true,"valueName":"search_term_string"}}],"inLanguage":"de"},{"@type":"Organization","@id":"https:\/\/carado-polska.pl\/de\/#organization","name":"Carado Polska","url":"https:\/\/carado-polska.pl\/de\/","logo":{"@type":"ImageObject","inLanguage":"de","@id":"https:\/\/carado-polska.pl\/de\/#\/schema\/logo\/image\/","url":"https:\/\/carado-polska.pl\/wp-content\/uploads\/2022\/01\/cropped-carado_logo_white.png","contentUrl":"https:\/\/carado-polska.pl\/wp-content\/uploads\/2022\/01\/cropped-carado_logo_white.png","width":300,"height":150,"caption":"Carado Polska"},"image":{"@id":"https:\/\/carado-polska.pl\/de\/#\/schema\/logo\/image\/"}}]}},"_links":{"self":[{"href":"https:\/\/carado-polska.pl\/de\/wp-json\/wp\/v2\/product\/4897","targetHints":{"allow":["GET"]}}],"collection":[{"href":"https:\/\/carado-polska.pl\/de\/wp-json\/wp\/v2\/product"}],"about":[{"href":"https:\/\/carado-polska.pl\/de\/wp-json\/wp\/v2\/types\/product"}],"replies":[{"embeddable":true,"href":"https:\/\/carado-polska.pl\/de\/wp-json\/wp\/v2\/comments?post=4897"}],"wp:featuredmedia":[{"embeddable":true,"href":"https:\/\/carado-polska.pl\/de\/wp-json\/wp\/v2\/media\/7495"}],"wp:attachment":[{"href":"https:\/\/carado-polska.pl\/de\/wp-json\/wp\/v2\/media?parent=4897"}],"wp:term":[{"taxonomy":"product_brand","embeddable":true,"href":"https:\/\/carado-polska.pl\/de\/wp-json\/wp\/v2\/product_brand?post=4897"},{"taxonomy":"product_cat","embeddable":true,"href":"https:\/\/carado-polska.pl\/de\/wp-json\/wp\/v2\/product_cat?post=4897"},{"taxonomy":"product_tag","embeddable":true,"href":"https:\/\/carado-polska.pl\/de\/wp-json\/wp\/v2\/product_tag?post=4897"}],"curies":[{"name":"wp","href":"https:\/\/api.w.org\/{rel}","templated":true}]}}