{"id":4893,"date":"2022-01-17T12:36:35","date_gmt":"2022-01-17T11:36:35","guid":{"rendered":"http:\/\/carado-polska.pl\/produkt\/lkw-staukasten-daken-just-500-r-2\/"},"modified":"2022-01-17T12:36:35","modified_gmt":"2022-01-17T11:36:35","slug":"lkw-staukasten-daken-just-500-r-2","status":"publish","type":"product","link":"https:\/\/carado-polska.pl\/de\/produkt\/lkw-staukasten-daken-just-500-r-2\/","title":{"rendered":"LKW Staukasten Daken Just 500-R"},"content":{"rendered":"<p>LKW Staukasten Daken Just 500-R Werkzeugkasten 500x350x400mm Staubox 41,5L<\/p>\n<p>Die Just-Reihe von Werkzeugk\u00e4sten zeichnet sich durch die Einfachheit und Eleganz aus, die alle Daken-<br \/>\nProdukte auszeichnet.<\/p>\n<p>\u2022 Verst\u00e4rkungsrippen f\u00fcr maximale Stabilit\u00e4t und lange Produktlebensdauer;<\/p>\n<p>\u2022 Schloss mit Zylinderschloss f\u00fcr maximale Sicherheit;<\/p>\n<p>\u2022 Innere TPE-Dichtung und \u00fcberlappende Abdeckung zum Schutz vor Eindringen von Staub und<\/p>\n<p>Wasser<\/p>\n<p>\u2022 Kunststoffe erster Wahl mit erh\u00f6hter Best\u00e4ndigkeit gegen UV-Strahlen, Feuer, Schmier\u00f6le und<\/p>\n<p>Kohlenwasserstoffe, hohe und niedrige Temperaturen;<br \/>\n\u2022 Schnelle und intuitive Montage<br \/>\n\u2022 Verpackungsgewicht: 3 kg<br \/>\nMa\u00dfe:<br \/>\nA (Breite): 500 mm<br \/>\nB (H\u00f6he): 350 mm<br \/>\nC (Tiefe): 400 mm<br \/>\nFassungsverm\u00f6gen: 41,5 l<\/p>\n","protected":false},"excerpt":{"rendered":"<p><span style=\"font-weight: 400;\">Die Just-Reihe von Werkzeugk\u00e4sten zeichnet sich durch die Einfachheit und Eleganz aus, die alle Daken-Produkte auszeichnet.\u00a0<\/span><\/p>\n","protected":false},"featured_media":7470,"comment_status":"open","ping_status":"closed","template":"","meta":[],"product_brand":[],"product_cat":[15],"product_tag":[],"class_list":{"0":"post-4893","1":"product","2":"type-product","3":"status-publish","4":"has-post-thumbnail","6":"product_cat-bez-kategorii","8":"first","9":"instock","10":"taxable","11":"shipping-taxable","12":"purchasable","13":"product-type-simple"},"yoast_head":"<!-- This site is optimized with the Yoast SEO plugin v27.6 - https:\/\/yoast.com\/product\/yoast-seo-wordpress\/ -->\n<title>LKW Staukasten Daken Just 500-R - Carado Polska<\/title>\n<meta name=\"robots\" content=\"index, follow, max-snippet:-1, max-image-preview:large, max-video-preview:-1\" \/>\n<link rel=\"canonical\" href=\"https:\/\/carado-polska.pl\/de\/produkt\/lkw-staukasten-daken-just-500-r-2\/\" \/>\n<meta property=\"og:locale\" content=\"de_DE\" \/>\n<meta property=\"og:type\" content=\"article\" \/>\n<meta property=\"og:title\" content=\"LKW Staukasten Daken Just 500-R - Carado Polska\" \/>\n<meta property=\"og:description\" content=\"Die Just-Reihe von Werkzeugk\u00e4sten zeichnet sich durch die Einfachheit und Eleganz aus, die alle Daken-Produkte auszeichnet.\u00a0\" \/>\n<meta property=\"og:url\" content=\"https:\/\/carado-polska.pl\/de\/produkt\/lkw-staukasten-daken-just-500-r-2\/\" \/>\n<meta property=\"og:site_name\" content=\"Carado Polska\" \/>\n<meta property=\"og:image\" content=\"https:\/\/carado-polska.pl\/wp-content\/uploads\/2022\/01\/500-dwa-3.png\" \/>\n\t<meta property=\"og:image:width\" content=\"510\" \/>\n\t<meta property=\"og:image:height\" content=\"415\" \/>\n\t<meta property=\"og:image:type\" content=\"image\/png\" \/>\n<meta name=\"twitter:card\" content=\"summary_large_image\" \/>\n<!-- \/ Yoast SEO plugin. -->","yoast_head_json":{"title":"LKW Staukasten Daken Just 500-R - Carado Polska","robots":{"index":"index","follow":"follow","max-snippet":"max-snippet:-1","max-image-preview":"max-image-preview:large","max-video-preview":"max-video-preview:-1"},"canonical":"https:\/\/carado-polska.pl\/de\/produkt\/lkw-staukasten-daken-just-500-r-2\/","og_locale":"de_DE","og_type":"article","og_title":"LKW Staukasten Daken Just 500-R - Carado Polska","og_description":"Die Just-Reihe von Werkzeugk\u00e4sten zeichnet sich durch die Einfachheit und Eleganz aus, die alle Daken-Produkte auszeichnet.\u00a0","og_url":"https:\/\/carado-polska.pl\/de\/produkt\/lkw-staukasten-daken-just-500-r-2\/","og_site_name":"Carado Polska","og_image":[{"width":510,"height":415,"url":"https:\/\/carado-polska.pl\/wp-content\/uploads\/2022\/01\/500-dwa-3.png","type":"image\/png"}],"twitter_card":"summary_large_image","schema":{"@context":"https:\/\/schema.org","@graph":[{"@type":"WebPage","@id":"https:\/\/carado-polska.pl\/de\/produkt\/lkw-staukasten-daken-just-500-r-2\/","url":"https:\/\/carado-polska.pl\/de\/produkt\/lkw-staukasten-daken-just-500-r-2\/","name":"LKW Staukasten Daken Just 500-R - Carado Polska","isPartOf":{"@id":"https:\/\/carado-polska.pl\/de\/#website"},"primaryImageOfPage":{"@id":"https:\/\/carado-polska.pl\/de\/produkt\/lkw-staukasten-daken-just-500-r-2\/#primaryimage"},"image":{"@id":"https:\/\/carado-polska.pl\/de\/produkt\/lkw-staukasten-daken-just-500-r-2\/#primaryimage"},"thumbnailUrl":"https:\/\/carado-polska.pl\/wp-content\/uploads\/2022\/01\/500-dwa-3.png","datePublished":"2022-01-17T11:36:35+00:00","breadcrumb":{"@id":"https:\/\/carado-polska.pl\/de\/produkt\/lkw-staukasten-daken-just-500-r-2\/#breadcrumb"},"inLanguage":"de","potentialAction":[{"@type":"ReadAction","target":["https:\/\/carado-polska.pl\/de\/produkt\/lkw-staukasten-daken-just-500-r-2\/"]}]},{"@type":"ImageObject","inLanguage":"de","@id":"https:\/\/carado-polska.pl\/de\/produkt\/lkw-staukasten-daken-just-500-r-2\/#primaryimage","url":"https:\/\/carado-polska.pl\/wp-content\/uploads\/2022\/01\/500-dwa-3.png","contentUrl":"https:\/\/carado-polska.pl\/wp-content\/uploads\/2022\/01\/500-dwa-3.png","width":510,"height":415},{"@type":"BreadcrumbList","@id":"https:\/\/carado-polska.pl\/de\/produkt\/lkw-staukasten-daken-just-500-r-2\/#breadcrumb","itemListElement":[{"@type":"ListItem","position":1,"name":"Strona g\u0142\u00f3wna","item":"https:\/\/carado-polska.pl\/de\/"},{"@type":"ListItem","position":2,"name":"Gesch\u00e4ft","item":"https:\/\/carado-polska.pl\/de\/geschaeft\/"},{"@type":"ListItem","position":3,"name":"LKW Staukasten Daken Just 500-R"}]},{"@type":"WebSite","@id":"https:\/\/carado-polska.pl\/de\/#website","url":"https:\/\/carado-polska.pl\/de\/","name":"Carado Polska","description":"Cz\u0119\u015bci zamienne i akcesoria TIR","publisher":{"@id":"https:\/\/carado-polska.pl\/de\/#organization"},"potentialAction":[{"@type":"SearchAction","target":{"@type":"EntryPoint","urlTemplate":"https:\/\/carado-polska.pl\/de\/?s={search_term_string}"},"query-input":{"@type":"PropertyValueSpecification","valueRequired":true,"valueName":"search_term_string"}}],"inLanguage":"de"},{"@type":"Organization","@id":"https:\/\/carado-polska.pl\/de\/#organization","name":"Carado Polska","url":"https:\/\/carado-polska.pl\/de\/","logo":{"@type":"ImageObject","inLanguage":"de","@id":"https:\/\/carado-polska.pl\/de\/#\/schema\/logo\/image\/","url":"https:\/\/carado-polska.pl\/wp-content\/uploads\/2022\/01\/cropped-carado_logo_white.png","contentUrl":"https:\/\/carado-polska.pl\/wp-content\/uploads\/2022\/01\/cropped-carado_logo_white.png","width":300,"height":150,"caption":"Carado Polska"},"image":{"@id":"https:\/\/carado-polska.pl\/de\/#\/schema\/logo\/image\/"}}]}},"_links":{"self":[{"href":"https:\/\/carado-polska.pl\/de\/wp-json\/wp\/v2\/product\/4893","targetHints":{"allow":["GET"]}}],"collection":[{"href":"https:\/\/carado-polska.pl\/de\/wp-json\/wp\/v2\/product"}],"about":[{"href":"https:\/\/carado-polska.pl\/de\/wp-json\/wp\/v2\/types\/product"}],"replies":[{"embeddable":true,"href":"https:\/\/carado-polska.pl\/de\/wp-json\/wp\/v2\/comments?post=4893"}],"wp:featuredmedia":[{"embeddable":true,"href":"https:\/\/carado-polska.pl\/de\/wp-json\/wp\/v2\/media\/7470"}],"wp:attachment":[{"href":"https:\/\/carado-polska.pl\/de\/wp-json\/wp\/v2\/media?parent=4893"}],"wp:term":[{"taxonomy":"product_brand","embeddable":true,"href":"https:\/\/carado-polska.pl\/de\/wp-json\/wp\/v2\/product_brand?post=4893"},{"taxonomy":"product_cat","embeddable":true,"href":"https:\/\/carado-polska.pl\/de\/wp-json\/wp\/v2\/product_cat?post=4893"},{"taxonomy":"product_tag","embeddable":true,"href":"https:\/\/carado-polska.pl\/de\/wp-json\/wp\/v2\/product_tag?post=4893"}],"curies":[{"name":"wp","href":"https:\/\/api.w.org\/{rel}","templated":true}]}}