{"id":4884,"date":"2022-01-19T13:11:59","date_gmt":"2022-01-19T12:11:59","guid":{"rendered":"http:\/\/carado-polska.pl\/?page_id=4884"},"modified":"2022-01-19T13:12:01","modified_gmt":"2022-01-19T12:12:01","slug":"ueber-uns","status":"publish","type":"page","link":"https:\/\/carado-polska.pl\/de\/ueber-uns\/","title":{"rendered":"\u00dcber uns"},"content":{"rendered":"\t\t<div data-elementor-type=\"wp-post\" data-elementor-id=\"4884\" class=\"elementor elementor-4884 elementor-3515\">\n\t\t\t\t\t\t<section class=\"elementor-section elementor-top-section elementor-element elementor-element-4a3f895b elementor-section-stretched elementor-section-boxed elementor-section-height-default elementor-section-height-default\" data-id=\"4a3f895b\" data-element_type=\"section\" data-settings=\"{&quot;stretch_section&quot;:&quot;section-stretched&quot;,&quot;background_background&quot;:&quot;classic&quot;}\">\n\t\t\t\t\t\t<div class=\"elementor-container elementor-column-gap-default\">\n\t\t\t\t\t<div class=\"elementor-column elementor-col-50 elementor-top-column elementor-element elementor-element-b0076a6\" data-id=\"b0076a6\" data-element_type=\"column\">\n\t\t\t<div class=\"elementor-widget-wrap elementor-element-populated\">\n\t\t\t\t\t\t<div class=\"elementor-element elementor-element-48f13e1b elementor-widget elementor-widget-heading\" data-id=\"48f13e1b\" data-element_type=\"widget\" data-widget_type=\"heading.default\">\n\t\t\t\t<div class=\"elementor-widget-container\">\n\t\t\t<style>\/*! elementor - v3.19.0 - 07-02-2024 *\/\n.elementor-heading-title{padding:0;margin:0;line-height:1}.elementor-widget-heading .elementor-heading-title[class*=elementor-size-]>a{color:inherit;font-size:inherit;line-height:inherit}.elementor-widget-heading .elementor-heading-title.elementor-size-small{font-size:15px}.elementor-widget-heading .elementor-heading-title.elementor-size-medium{font-size:19px}.elementor-widget-heading .elementor-heading-title.elementor-size-large{font-size:29px}.elementor-widget-heading .elementor-heading-title.elementor-size-xl{font-size:39px}.elementor-widget-heading .elementor-heading-title.elementor-size-xxl{font-size:59px}<\/style><h3 class=\"elementor-heading-title elementor-size-default\">Carado Polska<\/h3>\t\t<\/div>\n\t\t\t\t<\/div>\n\t\t\t\t<div class=\"elementor-element elementor-element-c1154cb elementor-widget elementor-widget-text-editor\" data-id=\"c1154cb\" data-element_type=\"widget\" data-widget_type=\"text-editor.default\">\n\t\t\t\t<div class=\"elementor-widget-container\">\n\t\t\t<style>\/*! elementor - v3.19.0 - 07-02-2024 *\/\n.elementor-widget-text-editor.elementor-drop-cap-view-stacked .elementor-drop-cap{background-color:#69727d;color:#fff}.elementor-widget-text-editor.elementor-drop-cap-view-framed .elementor-drop-cap{color:#69727d;border:3px solid;background-color:transparent}.elementor-widget-text-editor:not(.elementor-drop-cap-view-default) .elementor-drop-cap{margin-top:8px}.elementor-widget-text-editor:not(.elementor-drop-cap-view-default) .elementor-drop-cap-letter{width:1em;height:1em}.elementor-widget-text-editor .elementor-drop-cap{float:left;text-align:center;line-height:1;font-size:50px}.elementor-widget-text-editor .elementor-drop-cap-letter{display:inline-block}<\/style>\t\t\t\t<p>Firma Carado Polska\u00a0zajmuje si\u0119 sprzeda\u017c\u0105 cz\u0119\u015bci do pojazd\u00f3w ci\u0119\u017carowych i naczep w oparciu o sprzeda\u017c detaliczn\u0105 i hurtow\u0105. Oferowane przez nas cz\u0119\u015bci s\u0105 pochodzenia zagranicznego co gwarantuje wysok\u0105 jako\u015b\u0107. Prowadzona przez nas sprzeda\u017c detaliczna odbywa si\u0119 w Lni\u015bnie ko\u0142o Skierniewic.<\/p><p>Dostawy odbywaj\u0105 si\u0119\u00a0 poprzez firm\u0119 kuriersk\u0105 jak i r\u00f3wnie\u017c przez nasz\u0105 firm\u0119 (na wskazanym obszarze), w celu szybszego dostarczenia zakupionego towaru. Szybki i \u0142atwy zakup umo\u017cliwia nasz sklep online kontakt telefoniczny, oraz kontakt mailowy.<\/p>\t\t\t\t\t\t<\/div>\n\t\t\t\t<\/div>\n\t\t\t\t<div class=\"elementor-element elementor-element-689b9b37 elementor-widget elementor-widget-image\" data-id=\"689b9b37\" data-element_type=\"widget\" data-widget_type=\"image.default\">\n\t\t\t\t<div class=\"elementor-widget-container\">\n\t\t\t<style>\/*! elementor - v3.19.0 - 07-02-2024 *\/\n.elementor-widget-image{text-align:center}.elementor-widget-image a{display:inline-block}.elementor-widget-image a img[src$=\".svg\"]{width:48px}.elementor-widget-image img{vertical-align:middle;display:inline-block}<\/style>\t\t\t\t\t\t\t\t\t\t<img fetchpriority=\"high\" decoding=\"async\" width=\"556\" height=\"400\" src=\"https:\/\/carado-polska.pl\/wp-content\/uploads\/2022\/01\/Daken-2018.jpeg\" class=\"attachment-large size-large wp-image-4815\" alt=\"\" srcset=\"https:\/\/carado-polska.pl\/wp-content\/uploads\/2022\/01\/Daken-2018.jpeg 556w, https:\/\/carado-polska.pl\/wp-content\/uploads\/2022\/01\/Daken-2018-300x216.jpeg 300w, https:\/\/carado-polska.pl\/wp-content\/uploads\/2022\/01\/Daken-2018-64x46.jpeg 64w\" sizes=\"(max-width: 556px) 100vw, 556px\" \/>\t\t\t\t\t\t\t\t\t\t\t\t\t<\/div>\n\t\t\t\t<\/div>\n\t\t\t\t\t<\/div>\n\t\t<\/div>\n\t\t\t\t<div class=\"elementor-column elementor-col-50 elementor-top-column elementor-element elementor-element-27c1809c\" data-id=\"27c1809c\" data-element_type=\"column\">\n\t\t\t<div class=\"elementor-widget-wrap elementor-element-populated\">\n\t\t\t\t\t\t<div class=\"elementor-element elementor-element-137a79cd elementor-widget elementor-widget-image\" data-id=\"137a79cd\" data-element_type=\"widget\" data-widget_type=\"image.default\">\n\t\t\t\t<div class=\"elementor-widget-container\">\n\t\t\t\t\t\t\t\t\t\t\t\t\t<img decoding=\"async\" width=\"556\" height=\"400\" src=\"https:\/\/carado-polska.pl\/wp-content\/uploads\/2022\/01\/onas2.jpg\" class=\"attachment-full size-full wp-image-4817\" alt=\"\" srcset=\"https:\/\/carado-polska.pl\/wp-content\/uploads\/2022\/01\/onas2.jpg 556w, https:\/\/carado-polska.pl\/wp-content\/uploads\/2022\/01\/onas2-300x216.jpg 300w, https:\/\/carado-polska.pl\/wp-content\/uploads\/2022\/01\/onas2-64x46.jpg 64w\" sizes=\"(max-width: 556px) 100vw, 556px\" \/>\t\t\t\t\t\t\t\t\t\t\t\t\t<\/div>\n\t\t\t\t<\/div>\n\t\t\t\t<div class=\"elementor-element elementor-element-7a02369c elementor-widget elementor-widget-heading\" data-id=\"7a02369c\" data-element_type=\"widget\" data-widget_type=\"heading.default\">\n\t\t\t\t<div class=\"elementor-widget-container\">\n\t\t\t<h3 class=\"elementor-heading-title elementor-size-default\">Carado Polska<\/h3>\t\t<\/div>\n\t\t\t\t<\/div>\n\t\t\t\t<div class=\"elementor-element elementor-element-6a0944f8 elementor-widget elementor-widget-text-editor\" data-id=\"6a0944f8\" data-element_type=\"widget\" data-widget_type=\"text-editor.default\">\n\t\t\t\t<div class=\"elementor-widget-container\">\n\t\t\t\t\t\t\t<p>Firma Carado Polska\u00a0zajmuje si\u0119 sprzeda\u017c\u0105 cz\u0119\u015bci do pojazd\u00f3w ci\u0119\u017carowych i naczep w oparciu o sprzeda\u017c detaliczn\u0105 i hurtow\u0105. Oferowane przez nas cz\u0119\u015bci s\u0105 pochodzenia zagranicznego co gwarantuje wysok\u0105 jako\u015b\u0107. Prowadzona przez nas sprzeda\u017c detaliczna odbywa si\u0119 w Lni\u015bnie ko\u0142o Skierniewic.<br \/><br \/>Dostawy odbywaj\u0105 si\u0119\u00a0 poprzez firm\u0119 kuriersk\u0105 jak i r\u00f3wnie\u017c przez nasz\u0105 firm\u0119 (na wskazanym obszarze), w celu szybszego dostarczenia zakupionego towaru. Szybki i \u0142atwy zakup umo\u017cliwia nasz sklep online kontakt telefoniczny, oraz kontakt mailowy.<\/p>\t\t\t\t\t\t<\/div>\n\t\t\t\t<\/div>\n\t\t\t\t<div class=\"elementor-element elementor-element-2d7d7cc3 elementor-widget elementor-widget-heading\" data-id=\"2d7d7cc3\" data-element_type=\"widget\" data-widget_type=\"heading.default\">\n\t\t\t\t<div class=\"elementor-widget-container\">\n\t\t\t<h4 class=\"elementor-heading-title elementor-size-default\">''PASJA RODZI PROFESJONALIZM, PROFESJONALIZM DAJE JAKO\u015a\u0106 A JAKO\u015a\u0106 TO LUKSUS'' -JW<\/h4>\t\t<\/div>\n\t\t\t\t<\/div>\n\t\t\t\t\t<\/div>\n\t\t<\/div>\n\t\t\t\t\t<\/div>\n\t\t<\/section>\n\t\t\t\t<section class=\"elementor-section elementor-top-section elementor-element elementor-element-2622038b elementor-section-stretched elementor-section-boxed elementor-section-height-default elementor-section-height-default\" data-id=\"2622038b\" data-element_type=\"section\" data-settings=\"{&quot;stretch_section&quot;:&quot;section-stretched&quot;,&quot;background_background&quot;:&quot;classic&quot;}\">\n\t\t\t\t\t\t<div class=\"elementor-container elementor-column-gap-default\">\n\t\t\t\t\t<div class=\"elementor-column elementor-col-100 elementor-top-column elementor-element elementor-element-9c0d567\" data-id=\"9c0d567\" data-element_type=\"column\">\n\t\t\t<div class=\"elementor-widget-wrap elementor-element-populated\">\n\t\t\t\t\t\t<div class=\"elementor-element elementor-element-675844db elementor-widget elementor-widget-tz-testimonials\" data-id=\"675844db\" data-element_type=\"widget\" data-widget_type=\"tz-testimonials.default\">\n\t\t\t\t<div class=\"elementor-widget-container\">\n\t\t\t<div class=\"tz-testimonials style-1\"><div class=\"title-wrapper\"><h3 class=\"shortcode-title\"><span>Co<\/span> m\u00f3wi\u0105 o nas klienci<\/h3><\/div><span class=\"carousel-loader\"><\/span><div class=\"wrapper\" data-owl=\"container\" data-owl-type=\"content-carousel\" data-owl-slides=\"1\" data-owl-custom-nav=\"\" data-owl-arrows=\"no\" data-owl-dots=\"yes\" data-owl-autoplay=\"\" data-owl-margin=\"30\"><div class='carousel-container'><div class=\"item-wrapper\"><div class=\"star-rating\"><span style=\"width:100%\"><\/span><\/div><div class=\"text-wrapper\"><p>\u201cGetting the coveted high-five in the hallway from an influence is impressive in its own right, but what\u2019s really impressive\u2014and where you ought to focus your outreach efforts\u2014is getting press from influencers in your market.\u201d<\/p><div class=\"about-author\"><cite>Christian Doe<\/cite><br \/><span><small><\/small><\/span><\/div><\/div><\/div><div class=\"item-wrapper\"><div class=\"star-rating\"><span style=\"width:100%\"><\/span><\/div><div class=\"text-wrapper\"><p>\u201cGetting the coveted high-five in the hallway from an influence is impressive in its own right, but what\u2019s really impressive\u2014and where you ought to focus your outreach efforts\u2014is getting press from influencers in your market.\u201d<\/p><div class=\"about-author\"><cite>Christian Doe<\/cite><br \/><span><small><\/small><\/span><\/div><\/div><\/div><div class=\"item-wrapper\"><div class=\"star-rating\"><span style=\"width:80%\"><\/span><\/div><div class=\"text-wrapper\"><p>\u201cGetting the coveted high-five in the hallway from an influence is impressive in its own right, but what\u2019s really impressive\u2014and where you ought to focus your outreach efforts\u2014is getting press from influencers in your market.\u201d<\/p><div class=\"about-author\"><cite>Jane Doe<\/cite><br \/><span><small><\/small><\/span><\/div><\/div><\/div><\/div><\/div><\/div>\t\t<\/div>\n\t\t\t\t<\/div>\n\t\t\t\t\t<\/div>\n\t\t<\/div>\n\t\t\t\t\t<\/div>\n\t\t<\/section>\n\t\t\t\t<section class=\"elementor-section elementor-top-section elementor-element elementor-element-4aeaaa89 elementor-section-boxed elementor-section-height-default elementor-section-height-default\" data-id=\"4aeaaa89\" data-element_type=\"section\">\n\t\t\t\t\t\t<div class=\"elementor-container elementor-column-gap-default\">\n\t\t\t\t\t<div class=\"elementor-column elementor-col-100 elementor-top-column elementor-element elementor-element-3a73984b\" data-id=\"3a73984b\" data-element_type=\"column\">\n\t\t\t<div class=\"elementor-widget-wrap elementor-element-populated\">\n\t\t\t\t\t\t<div class=\"elementor-element elementor-element-48deb821 chromium-title elementor-widget elementor-widget-heading\" data-id=\"48deb821\" data-element_type=\"widget\" data-widget_type=\"heading.default\">\n\t\t\t\t<div class=\"elementor-widget-container\">\n\t\t\t<h2 class=\"elementor-heading-title elementor-size-default\"><span>Carado Polska<\/span> w liczbach<\/h2>\t\t<\/div>\n\t\t\t\t<\/div>\n\t\t\t\t\t<\/div>\n\t\t<\/div>\n\t\t\t\t\t<\/div>\n\t\t<\/section>\n\t\t\t\t<section class=\"elementor-section elementor-top-section elementor-element elementor-element-512bd31a elementor-section-boxed elementor-section-height-default elementor-section-height-default\" data-id=\"512bd31a\" data-element_type=\"section\">\n\t\t\t\t\t\t<div class=\"elementor-container elementor-column-gap-default\">\n\t\t\t\t\t<div class=\"elementor-column elementor-col-12 elementor-top-column elementor-element elementor-element-2bd5df2a\" data-id=\"2bd5df2a\" data-element_type=\"column\" data-settings=\"{&quot;background_background&quot;:&quot;classic&quot;}\">\n\t\t\t<div class=\"elementor-widget-wrap elementor-element-populated\">\n\t\t\t\t\t\t<div class=\"elementor-element elementor-element-4c16b525 left-aligned elementor-view-default elementor-widget elementor-widget-icon\" data-id=\"4c16b525\" data-element_type=\"widget\" data-widget_type=\"icon.default\">\n\t\t\t\t<div class=\"elementor-widget-container\">\n\t\t\t\t\t<div class=\"elementor-icon-wrapper\">\n\t\t\t<div class=\"elementor-icon elementor-animation-grow\">\n\t\t\t<i aria-hidden=\"true\" class=\"far fa-thumbs-up\"><\/i>\t\t\t<\/div>\n\t\t<\/div>\n\t\t\t\t<\/div>\n\t\t\t\t<\/div>\n\t\t\t\t\t<\/div>\n\t\t<\/div>\n\t\t\t\t<div class=\"elementor-column elementor-col-12 elementor-top-column elementor-element elementor-element-62f0f0d1\" data-id=\"62f0f0d1\" data-element_type=\"column\" data-settings=\"{&quot;background_background&quot;:&quot;classic&quot;}\">\n\t\t\t<div class=\"elementor-widget-wrap elementor-element-populated\">\n\t\t\t\t\t\t<div class=\"elementor-element elementor-element-463a4c9a alignleft elementor-widget elementor-widget-counter\" data-id=\"463a4c9a\" data-element_type=\"widget\" data-widget_type=\"counter.default\">\n\t\t\t\t<div class=\"elementor-widget-container\">\n\t\t\t<style>\/*! elementor - v3.19.0 - 07-02-2024 *\/\n.elementor-counter .elementor-counter-number-wrapper{display:flex;font-size:69px;font-weight:600;line-height:1}.elementor-counter .elementor-counter-number-prefix,.elementor-counter .elementor-counter-number-suffix{flex-grow:1;white-space:pre-wrap}.elementor-counter .elementor-counter-number-prefix{text-align:right}.elementor-counter .elementor-counter-number-suffix{text-align:left}.elementor-counter .elementor-counter-title{text-align:center;font-size:19px;font-weight:400;line-height:2.5}<\/style>\t\t<div class=\"elementor-counter\">\n\t\t\t<div class=\"elementor-counter-number-wrapper\">\n\t\t\t\t<span class=\"elementor-counter-number-prefix\"><\/span>\n\t\t\t\t<span class=\"elementor-counter-number\" data-duration=\"1200\" data-to-value=\"14000\" data-from-value=\"\"><\/span>\n\t\t\t\t<span class=\"elementor-counter-number-suffix\">+<\/span>\n\t\t\t<\/div>\n\t\t\t\t\t\t\t<div class=\"elementor-counter-title\">Zadowolonych klient\u00f3w<\/div>\n\t\t\t\t\t<\/div>\n\t\t\t\t<\/div>\n\t\t\t\t<\/div>\n\t\t\t\t\t<\/div>\n\t\t<\/div>\n\t\t\t\t<div class=\"elementor-column elementor-col-12 elementor-top-column elementor-element elementor-element-6a9aebea\" data-id=\"6a9aebea\" data-element_type=\"column\" data-settings=\"{&quot;background_background&quot;:&quot;classic&quot;}\">\n\t\t\t<div class=\"elementor-widget-wrap elementor-element-populated\">\n\t\t\t\t\t\t<div class=\"elementor-element elementor-element-91afb85 left-aligned elementor-view-default elementor-widget elementor-widget-icon\" data-id=\"91afb85\" data-element_type=\"widget\" data-widget_type=\"icon.default\">\n\t\t\t\t<div class=\"elementor-widget-container\">\n\t\t\t\t\t<div class=\"elementor-icon-wrapper\">\n\t\t\t<div class=\"elementor-icon elementor-animation-grow\">\n\t\t\t<i aria-hidden=\"true\" class=\"fas fa-globe\"><\/i>\t\t\t<\/div>\n\t\t<\/div>\n\t\t\t\t<\/div>\n\t\t\t\t<\/div>\n\t\t\t\t\t<\/div>\n\t\t<\/div>\n\t\t\t\t<div class=\"elementor-column elementor-col-12 elementor-top-column elementor-element elementor-element-69399bf6\" data-id=\"69399bf6\" data-element_type=\"column\" data-settings=\"{&quot;background_background&quot;:&quot;classic&quot;}\">\n\t\t\t<div class=\"elementor-widget-wrap elementor-element-populated\">\n\t\t\t\t\t\t<div class=\"elementor-element elementor-element-7d08062e alignleft elementor-widget elementor-widget-counter\" data-id=\"7d08062e\" data-element_type=\"widget\" data-widget_type=\"counter.default\">\n\t\t\t\t<div class=\"elementor-widget-container\">\n\t\t\t\t\t<div class=\"elementor-counter\">\n\t\t\t<div class=\"elementor-counter-number-wrapper\">\n\t\t\t\t<span class=\"elementor-counter-number-prefix\"><\/span>\n\t\t\t\t<span class=\"elementor-counter-number\" data-duration=\"1200\" data-to-value=\"50\" data-from-value=\"\" data-delimiter=\" \"><\/span>\n\t\t\t\t<span class=\"elementor-counter-number-suffix\"><\/span>\n\t\t\t<\/div>\n\t\t\t\t\t\t\t<div class=\"elementor-counter-title\">Produkt\u00f3w<\/div>\n\t\t\t\t\t<\/div>\n\t\t\t\t<\/div>\n\t\t\t\t<\/div>\n\t\t\t\t\t<\/div>\n\t\t<\/div>\n\t\t\t\t<div class=\"elementor-column elementor-col-12 elementor-top-column elementor-element elementor-element-31ed675c\" data-id=\"31ed675c\" data-element_type=\"column\" data-settings=\"{&quot;background_background&quot;:&quot;classic&quot;}\">\n\t\t\t<div class=\"elementor-widget-wrap elementor-element-populated\">\n\t\t\t\t\t\t<div class=\"elementor-element elementor-element-1f0a6002 left-aligned elementor-view-default elementor-widget elementor-widget-icon\" data-id=\"1f0a6002\" data-element_type=\"widget\" data-widget_type=\"icon.default\">\n\t\t\t\t<div class=\"elementor-widget-container\">\n\t\t\t\t\t<div class=\"elementor-icon-wrapper\">\n\t\t\t<div class=\"elementor-icon elementor-animation-grow\">\n\t\t\t<i aria-hidden=\"true\" class=\"fas fa-briefcase\"><\/i>\t\t\t<\/div>\n\t\t<\/div>\n\t\t\t\t<\/div>\n\t\t\t\t<\/div>\n\t\t\t\t\t<\/div>\n\t\t<\/div>\n\t\t\t\t<div class=\"elementor-column elementor-col-12 elementor-top-column elementor-element elementor-element-fdb3405\" data-id=\"fdb3405\" data-element_type=\"column\" data-settings=\"{&quot;background_background&quot;:&quot;classic&quot;}\">\n\t\t\t<div class=\"elementor-widget-wrap elementor-element-populated\">\n\t\t\t\t\t\t<div class=\"elementor-element elementor-element-364aecbd alignleft elementor-widget elementor-widget-counter\" data-id=\"364aecbd\" data-element_type=\"widget\" data-widget_type=\"counter.default\">\n\t\t\t\t<div class=\"elementor-widget-container\">\n\t\t\t\t\t<div class=\"elementor-counter\">\n\t\t\t<div class=\"elementor-counter-number-wrapper\">\n\t\t\t\t<span class=\"elementor-counter-number-prefix\"><\/span>\n\t\t\t\t<span class=\"elementor-counter-number\" data-duration=\"1200\" data-to-value=\"10\" data-from-value=\"\" data-delimiter=\" \"><\/span>\n\t\t\t\t<span class=\"elementor-counter-number-suffix\">+<\/span>\n\t\t\t<\/div>\n\t\t\t\t\t\t\t<div class=\"elementor-counter-title\">lat na rynku<\/div>\n\t\t\t\t\t<\/div>\n\t\t\t\t<\/div>\n\t\t\t\t<\/div>\n\t\t\t\t\t<\/div>\n\t\t<\/div>\n\t\t\t\t<div class=\"elementor-column elementor-col-12 elementor-top-column elementor-element elementor-element-f6d9250\" data-id=\"f6d9250\" data-element_type=\"column\" data-settings=\"{&quot;background_background&quot;:&quot;classic&quot;}\">\n\t\t\t<div class=\"elementor-widget-wrap elementor-element-populated\">\n\t\t\t\t\t\t<div class=\"elementor-element elementor-element-2fc406a4 left-aligned elementor-view-default elementor-widget elementor-widget-icon\" data-id=\"2fc406a4\" data-element_type=\"widget\" data-widget_type=\"icon.default\">\n\t\t\t\t<div class=\"elementor-widget-container\">\n\t\t\t\t\t<div class=\"elementor-icon-wrapper\">\n\t\t\t<div class=\"elementor-icon elementor-animation-grow\">\n\t\t\t<i aria-hidden=\"true\" class=\"fas fa-coffee\"><\/i>\t\t\t<\/div>\n\t\t<\/div>\n\t\t\t\t<\/div>\n\t\t\t\t<\/div>\n\t\t\t\t\t<\/div>\n\t\t<\/div>\n\t\t\t\t<div class=\"elementor-column elementor-col-12 elementor-top-column elementor-element elementor-element-60a5454b\" data-id=\"60a5454b\" data-element_type=\"column\" data-settings=\"{&quot;background_background&quot;:&quot;classic&quot;}\">\n\t\t\t<div class=\"elementor-widget-wrap elementor-element-populated\">\n\t\t\t\t\t\t<div class=\"elementor-element elementor-element-100988c5 alignleft elementor-widget elementor-widget-counter\" data-id=\"100988c5\" data-element_type=\"widget\" data-widget_type=\"counter.default\">\n\t\t\t\t<div class=\"elementor-widget-container\">\n\t\t\t\t\t<div class=\"elementor-counter\">\n\t\t\t<div class=\"elementor-counter-number-wrapper\">\n\t\t\t\t<span class=\"elementor-counter-number-prefix\"><\/span>\n\t\t\t\t<span class=\"elementor-counter-number\" data-duration=\"1200\" data-to-value=\"2000\" data-from-value=\"\"><\/span>\n\t\t\t\t<span class=\"elementor-counter-number-suffix\">+<\/span>\n\t\t\t<\/div>\n\t\t\t\t\t\t\t<div class=\"elementor-counter-title\">wypitych kaw<\/div>\n\t\t\t\t\t<\/div>\n\t\t\t\t<\/div>\n\t\t\t\t<\/div>\n\t\t\t\t\t<\/div>\n\t\t<\/div>\n\t\t\t\t\t<\/div>\n\t\t<\/section>\n\t\t\t\t<\/div>\n\t\t","protected":false},"excerpt":{"rendered":"","protected":false},"author":2,"featured_media":0,"parent":0,"menu_order":1,"comment_status":"closed","ping_status":"closed","template":"","meta":{"footnotes":""},"class_list":["post-4884","page","type-page","status-publish","hentry"],"yoast_head":"<!-- This site is optimized with the Yoast SEO plugin v27.6 - https:\/\/yoast.com\/product\/yoast-seo-wordpress\/ -->\n<title>\u00dcber uns - Carado Polska<\/title>\n<meta name=\"robots\" content=\"index, follow, max-snippet:-1, max-image-preview:large, max-video-preview:-1\" \/>\n<link rel=\"canonical\" href=\"https:\/\/carado-polska.pl\/de\/ueber-uns\/\" \/>\n<meta property=\"og:locale\" content=\"de_DE\" \/>\n<meta property=\"og:type\" content=\"article\" \/>\n<meta property=\"og:title\" content=\"\u00dcber uns - Carado Polska\" \/>\n<meta property=\"og:url\" content=\"https:\/\/carado-polska.pl\/de\/ueber-uns\/\" \/>\n<meta property=\"og:site_name\" content=\"Carado Polska\" \/>\n<meta property=\"article:modified_time\" content=\"2022-01-19T12:12:01+00:00\" \/>\n<meta name=\"twitter:card\" content=\"summary_large_image\" \/>\n<!-- \/ Yoast SEO plugin. -->","yoast_head_json":{"title":"\u00dcber uns - Carado Polska","robots":{"index":"index","follow":"follow","max-snippet":"max-snippet:-1","max-image-preview":"max-image-preview:large","max-video-preview":"max-video-preview:-1"},"canonical":"https:\/\/carado-polska.pl\/de\/ueber-uns\/","og_locale":"de_DE","og_type":"article","og_title":"\u00dcber uns - Carado Polska","og_url":"https:\/\/carado-polska.pl\/de\/ueber-uns\/","og_site_name":"Carado Polska","article_modified_time":"2022-01-19T12:12:01+00:00","twitter_card":"summary_large_image","schema":{"@context":"https:\/\/schema.org","@graph":[{"@type":"WebPage","@id":"https:\/\/carado-polska.pl\/de\/ueber-uns\/","url":"https:\/\/carado-polska.pl\/de\/ueber-uns\/","name":"\u00dcber uns - Carado Polska","isPartOf":{"@id":"https:\/\/carado-polska.pl\/de\/#website"},"datePublished":"2022-01-19T12:11:59+00:00","dateModified":"2022-01-19T12:12:01+00:00","breadcrumb":{"@id":"https:\/\/carado-polska.pl\/de\/ueber-uns\/#breadcrumb"},"inLanguage":"de","potentialAction":[{"@type":"ReadAction","target":["https:\/\/carado-polska.pl\/de\/ueber-uns\/"]}]},{"@type":"BreadcrumbList","@id":"https:\/\/carado-polska.pl\/de\/ueber-uns\/#breadcrumb","itemListElement":[{"@type":"ListItem","position":1,"name":"Strona g\u0142\u00f3wna","item":"https:\/\/carado-polska.pl\/de\/"},{"@type":"ListItem","position":2,"name":"\u00dcber uns"}]},{"@type":"WebSite","@id":"https:\/\/carado-polska.pl\/de\/#website","url":"https:\/\/carado-polska.pl\/de\/","name":"Carado Polska","description":"Cz\u0119\u015bci zamienne i akcesoria TIR","publisher":{"@id":"https:\/\/carado-polska.pl\/de\/#organization"},"potentialAction":[{"@type":"SearchAction","target":{"@type":"EntryPoint","urlTemplate":"https:\/\/carado-polska.pl\/de\/?s={search_term_string}"},"query-input":{"@type":"PropertyValueSpecification","valueRequired":true,"valueName":"search_term_string"}}],"inLanguage":"de"},{"@type":"Organization","@id":"https:\/\/carado-polska.pl\/de\/#organization","name":"Carado Polska","url":"https:\/\/carado-polska.pl\/de\/","logo":{"@type":"ImageObject","inLanguage":"de","@id":"https:\/\/carado-polska.pl\/de\/#\/schema\/logo\/image\/","url":"https:\/\/carado-polska.pl\/wp-content\/uploads\/2022\/01\/cropped-carado_logo_white.png","contentUrl":"https:\/\/carado-polska.pl\/wp-content\/uploads\/2022\/01\/cropped-carado_logo_white.png","width":300,"height":150,"caption":"Carado Polska"},"image":{"@id":"https:\/\/carado-polska.pl\/de\/#\/schema\/logo\/image\/"}}]}},"_links":{"self":[{"href":"https:\/\/carado-polska.pl\/de\/wp-json\/wp\/v2\/pages\/4884","targetHints":{"allow":["GET"]}}],"collection":[{"href":"https:\/\/carado-polska.pl\/de\/wp-json\/wp\/v2\/pages"}],"about":[{"href":"https:\/\/carado-polska.pl\/de\/wp-json\/wp\/v2\/types\/page"}],"author":[{"embeddable":true,"href":"https:\/\/carado-polska.pl\/de\/wp-json\/wp\/v2\/users\/2"}],"replies":[{"embeddable":true,"href":"https:\/\/carado-polska.pl\/de\/wp-json\/wp\/v2\/comments?post=4884"}],"version-history":[{"count":1,"href":"https:\/\/carado-polska.pl\/de\/wp-json\/wp\/v2\/pages\/4884\/revisions"}],"predecessor-version":[{"id":4885,"href":"https:\/\/carado-polska.pl\/de\/wp-json\/wp\/v2\/pages\/4884\/revisions\/4885"}],"wp:attachment":[{"href":"https:\/\/carado-polska.pl\/de\/wp-json\/wp\/v2\/media?parent=4884"}],"curies":[{"name":"wp","href":"https:\/\/api.w.org\/{rel}","templated":true}]}}